{"id":848,"date":"2019-04-08T18:39:47","date_gmt":"2019-04-08T16:39:47","guid":{"rendered":"https:\/\/www.levugorestaurant.be\/nl\/avis\/"},"modified":"2019-04-08T18:56:14","modified_gmt":"2019-04-08T16:56:14","slug":"reviews","status":"publish","type":"page","link":"https:\/\/www.levugorestaurant.be\/nl\/reviews\/","title":{"rendered":"Reviews"},"content":{"rendered":"<p><!-- reviews widget --><br \/>\n<iframe loading=\"lazy\" src=\"https:\/\/widget-reviews.zenchef.com\/352727?lang=nl\" width=\"100%\" height=\"600\" style=\"width: 100%; display: block; margin: 0 auto; height:600px; max-width:800px;\" frameborder=\"0\" vspace=\"0\" hspace=\"0\" webkitallowfullscreen=\"\" mozallowfullscreen=\"\" allowfullscreen=\"\" scrolling=\"no\"><\/iframe><\/p>\n<section id=\"easyCookie\" class=\"ec-fixed     \" data-expiresdays=\"180\">\n\t\t<div>\n\t\t\t<div class=\"ec-infos\">\n\t\t\t\tNous utilisons des cookies pour vous garantir la meilleure exp\u00e9rience. Si vous continuez \u00e0 utiliser ce site Web, nous supposerons que vous en \u00eates satisfait.\n\t\t\t<\/div>\n\t\t\t<div class=\"ec-btns\">\n\t\t\t\t<a href=\"#\" class=\"ec-accept\">OK<\/a>\n\t\t\t\t\n\t\t\t<\/div>\n\t\t<\/div>\n\t<\/section>","protected":false},"excerpt":{"rendered":"<p>Nous utilisons des cookies pour vous garantir la meilleure exp\u00e9rience. Si vous continuez \u00e0 utiliser ce site Web, nous supposerons que vous en \u00eates satisfait. OK<\/p>\n","protected":false},"author":2,"featured_media":0,"parent":0,"menu_order":0,"comment_status":"closed","ping_status":"closed","template":"","meta":[],"_links":{"self":[{"href":"https:\/\/www.levugorestaurant.be\/nl\/wp-json\/wp\/v2\/pages\/848"}],"collection":[{"href":"https:\/\/www.levugorestaurant.be\/nl\/wp-json\/wp\/v2\/pages"}],"about":[{"href":"https:\/\/www.levugorestaurant.be\/nl\/wp-json\/wp\/v2\/types\/page"}],"author":[{"embeddable":true,"href":"https:\/\/www.levugorestaurant.be\/nl\/wp-json\/wp\/v2\/users\/2"}],"replies":[{"embeddable":true,"href":"https:\/\/www.levugorestaurant.be\/nl\/wp-json\/wp\/v2\/comments?post=848"}],"version-history":[{"count":6,"href":"https:\/\/www.levugorestaurant.be\/nl\/wp-json\/wp\/v2\/pages\/848\/revisions"}],"predecessor-version":[{"id":860,"href":"https:\/\/www.levugorestaurant.be\/nl\/wp-json\/wp\/v2\/pages\/848\/revisions\/860"}],"wp:attachment":[{"href":"https:\/\/www.levugorestaurant.be\/nl\/wp-json\/wp\/v2\/media?parent=848"}],"curies":[{"name":"wp","href":"https:\/\/api.w.org\/{rel}","templated":true}]}}