{"id":842,"date":"2019-04-08T18:44:15","date_gmt":"2019-04-08T16:44:15","guid":{"rendered":"https:\/\/www.levugorestaurant.be\/nl\/?page_id=842"},"modified":"2019-04-08T18:53:02","modified_gmt":"2019-04-08T16:53:02","slug":"reservation","status":"publish","type":"page","link":"https:\/\/www.levugorestaurant.be\/nl\/reservation\/","title":{"rendered":"Reserveringen"},"content":{"rendered":"<p><!-- reservation widget --><br \/>\n<iframe loading=\"lazy\" src=\"https:\/\/reservations.1001menus.com\/indexv2.php?rid=352727&#038;pid=1001&#038;padding=0&#038;bgcolor=555&#038;ftcolor=fff&#038;ticolor=222&#038;bghvcolor=000&#038;fthvcolor=fff&#038;txtcolor=999966&#038;type=web&#038;lang=nl&#038;bg=none\" frameborder=\"0\" scrolling=\"yes\" width=\"100%\" height=\"630\" style=\"display: block; margin: 0 auto; max-width: 600px; height:630px;\"><\/iframe><\/p>\n<section id=\"easyCookie\" class=\"ec-fixed     \" data-expiresdays=\"180\">\n\t\t<div>\n\t\t\t<div class=\"ec-infos\">\n\t\t\t\tNous utilisons des cookies pour vous garantir la meilleure exp\u00e9rience. Si vous continuez \u00e0 utiliser ce site Web, nous supposerons que vous en \u00eates satisfait.\n\t\t\t<\/div>\n\t\t\t<div class=\"ec-btns\">\n\t\t\t\t<a href=\"#\" class=\"ec-accept\">OK<\/a>\n\t\t\t\t\n\t\t\t<\/div>\n\t\t<\/div>\n\t<\/section>","protected":false},"excerpt":{"rendered":"<p>Nous utilisons des cookies pour vous garantir la meilleure exp\u00e9rience. Si vous continuez \u00e0 utiliser ce site Web, nous supposerons que vous en \u00eates satisfait. OK<\/p>\n","protected":false},"author":2,"featured_media":0,"parent":0,"menu_order":0,"comment_status":"closed","ping_status":"closed","template":"","meta":[],"_links":{"self":[{"href":"https:\/\/www.levugorestaurant.be\/nl\/wp-json\/wp\/v2\/pages\/842"}],"collection":[{"href":"https:\/\/www.levugorestaurant.be\/nl\/wp-json\/wp\/v2\/pages"}],"about":[{"href":"https:\/\/www.levugorestaurant.be\/nl\/wp-json\/wp\/v2\/types\/page"}],"author":[{"embeddable":true,"href":"https:\/\/www.levugorestaurant.be\/nl\/wp-json\/wp\/v2\/users\/2"}],"replies":[{"embeddable":true,"href":"https:\/\/www.levugorestaurant.be\/nl\/wp-json\/wp\/v2\/comments?post=842"}],"version-history":[{"count":4,"href":"https:\/\/www.levugorestaurant.be\/nl\/wp-json\/wp\/v2\/pages\/842\/revisions"}],"predecessor-version":[{"id":857,"href":"https:\/\/www.levugorestaurant.be\/nl\/wp-json\/wp\/v2\/pages\/842\/revisions\/857"}],"wp:attachment":[{"href":"https:\/\/www.levugorestaurant.be\/nl\/wp-json\/wp\/v2\/media?parent=842"}],"curies":[{"name":"wp","href":"https:\/\/api.w.org\/{rel}","templated":true}]}}