{"id":736,"date":"2018-11-19T11:58:14","date_gmt":"2018-11-19T10:58:14","guid":{"rendered":"https:\/\/www.levugorestaurant.be\/nl\/?page_id=736"},"modified":"2018-11-19T11:58:14","modified_gmt":"2018-11-19T10:58:14","slug":"contact","status":"publish","type":"page","link":"https:\/\/www.levugorestaurant.be\/nl\/contact\/","title":{"rendered":"Contact"},"content":{"rendered":"<section id=\"easyCookie\" class=\"ec-fixed     \" data-expiresdays=\"180\">\n\t\t<div>\n\t\t\t<div class=\"ec-infos\">\n\t\t\t\tNous utilisons des cookies pour vous garantir la meilleure exp\u00e9rience. Si vous continuez \u00e0 utiliser ce site Web, nous supposerons que vous en \u00eates satisfait.\n\t\t\t<\/div>\n\t\t\t<div class=\"ec-btns\">\n\t\t\t\t<a href=\"#\" class=\"ec-accept\">OK<\/a>\n\t\t\t\t\n\t\t\t<\/div>\n\t\t<\/div>\n\t<\/section>","protected":false},"excerpt":{"rendered":"<p>Nous utilisons des cookies pour vous garantir la meilleure exp\u00e9rience. Si vous continuez \u00e0 utiliser ce site Web, nous supposerons que vous en \u00eates satisfait. OK<\/p>\n","protected":false},"author":1,"featured_media":0,"parent":0,"menu_order":0,"comment_status":"closed","ping_status":"closed","template":"","meta":[],"_links":{"self":[{"href":"https:\/\/www.levugorestaurant.be\/nl\/wp-json\/wp\/v2\/pages\/736"}],"collection":[{"href":"https:\/\/www.levugorestaurant.be\/nl\/wp-json\/wp\/v2\/pages"}],"about":[{"href":"https:\/\/www.levugorestaurant.be\/nl\/wp-json\/wp\/v2\/types\/page"}],"author":[{"embeddable":true,"href":"https:\/\/www.levugorestaurant.be\/nl\/wp-json\/wp\/v2\/users\/1"}],"replies":[{"embeddable":true,"href":"https:\/\/www.levugorestaurant.be\/nl\/wp-json\/wp\/v2\/comments?post=736"}],"version-history":[{"count":5,"href":"https:\/\/www.levugorestaurant.be\/nl\/wp-json\/wp\/v2\/pages\/736\/revisions"}],"predecessor-version":[{"id":832,"href":"https:\/\/www.levugorestaurant.be\/nl\/wp-json\/wp\/v2\/pages\/736\/revisions\/832"}],"wp:attachment":[{"href":"https:\/\/www.levugorestaurant.be\/nl\/wp-json\/wp\/v2\/media?parent=736"}],"curies":[{"name":"wp","href":"https:\/\/api.w.org\/{rel}","templated":true}]}}