{"id":733,"date":"2018-11-19T11:25:36","date_gmt":"2018-11-19T10:25:36","guid":{"rendered":"https:\/\/www.levugorestaurant.be\/nl\/la-galerie-nl\/"},"modified":"2018-11-19T12:05:31","modified_gmt":"2018-11-19T11:05:31","slug":"la-galerie","status":"publish","type":"page","link":"https:\/\/www.levugorestaurant.be\/nl\/la-galerie\/","title":{"rendered":"La galerie"},"content":{"rendered":"<section id=\"easyCookie\" class=\"ec-fixed     \" data-expiresdays=\"180\">\n\t\t<div>\n\t\t\t<div class=\"ec-infos\">\n\t\t\t\tNous utilisons des cookies pour vous garantir la meilleure exp\u00e9rience. Si vous continuez \u00e0 utiliser ce site Web, nous supposerons que vous en \u00eates satisfait.\n\t\t\t<\/div>\n\t\t\t<div class=\"ec-btns\">\n\t\t\t\t<a href=\"#\" class=\"ec-accept\">OK<\/a>\n\t\t\t\t\n\t\t\t<\/div>\n\t\t<\/div>\n\t<\/section>","protected":false},"excerpt":{"rendered":"<p>Nous utilisons des cookies pour vous garantir la meilleure exp\u00e9rience. Si vous continuez \u00e0 utiliser ce site Web, nous supposerons que vous en \u00eates satisfait. OK<\/p>\n","protected":false},"author":1,"featured_media":0,"parent":0,"menu_order":0,"comment_status":"closed","ping_status":"open","template":"","meta":[],"_links":{"self":[{"href":"https:\/\/www.levugorestaurant.be\/nl\/wp-json\/wp\/v2\/pages\/733"}],"collection":[{"href":"https:\/\/www.levugorestaurant.be\/nl\/wp-json\/wp\/v2\/pages"}],"about":[{"href":"https:\/\/www.levugorestaurant.be\/nl\/wp-json\/wp\/v2\/types\/page"}],"author":[{"embeddable":true,"href":"https:\/\/www.levugorestaurant.be\/nl\/wp-json\/wp\/v2\/users\/1"}],"replies":[{"embeddable":true,"href":"https:\/\/www.levugorestaurant.be\/nl\/wp-json\/wp\/v2\/comments?post=733"}],"version-history":[{"count":3,"href":"https:\/\/www.levugorestaurant.be\/nl\/wp-json\/wp\/v2\/pages\/733\/revisions"}],"predecessor-version":[{"id":767,"href":"https:\/\/www.levugorestaurant.be\/nl\/wp-json\/wp\/v2\/pages\/733\/revisions\/767"}],"wp:attachment":[{"href":"https:\/\/www.levugorestaurant.be\/nl\/wp-json\/wp\/v2\/media?parent=733"}],"curies":[{"name":"wp","href":"https:\/\/api.w.org\/{rel}","templated":true}]}}